{"id":527,"date":"2021-05-03T19:29:04","date_gmt":"2021-05-03T22:29:04","guid":{"rendered":"https:\/\/jorgemaluf.com\/snovo\/en\/?page_id=527"},"modified":"2025-01-30T20:58:55","modified_gmt":"2025-01-30T23:58:55","slug":"nude-and-body","status":"publish","type":"page","link":"https:\/\/hynd.com.br\/en\/portfolios\/nude-and-body\/","title":{"rendered":"Bodies in Motion &#8211; photo sessions"},"content":{"rendered":"You must be logged in to view this content.","protected":false},"excerpt":{"rendered":"You must be logged in to view this content.","protected":false},"author":1,"featured_media":0,"parent":207,"menu_order":0,"comment_status":"closed","ping_status":"closed","template":"","meta":{"footnotes":""},"class_list":["post-527","page","type-page","status-publish","hentry","description-off"],"yoast_head":"<!-- This site is optimized with the Yoast SEO plugin v27.2 - https:\/\/yoast.com\/product\/yoast-seo-wordpress\/ -->\n<title>Bodies in Motion - photo sessions - Jorge Hynd Photography<\/title>\n<meta name=\"robots\" content=\"index, follow, max-snippet:-1, max-image-preview:large, max-video-preview:-1\" \/>\n<link rel=\"canonical\" href=\"https:\/\/hynd.com.br\/en\/portfolios\/nude-and-body\/\" \/>\n<meta property=\"og:locale\" content=\"en_US\" \/>\n<meta property=\"og:type\" content=\"article\" \/>\n<meta property=\"og:title\" content=\"Bodies in Motion - photo sessions - Jorge Hynd Photography\" \/>\n<meta property=\"og:description\" content=\"Conte\u00fado \u00e9 restrito. Por favor fa\u00e7a o login. Clique Aqui! Para se inscrever basta usar o formul\u00e1rio abaixo, \u00e9 gratuito e rapidinho. ---- This content is restricted. Please log in. Click Here! To sign up please use the form below.\" \/>\n<meta property=\"og:url\" content=\"https:\/\/hynd.com.br\/en\/portfolios\/nude-and-body\/\" \/>\n<meta property=\"og:site_name\" content=\"Jorge Hynd Photography\" \/>\n<meta property=\"article:modified_time\" content=\"2025-01-30T23:58:55+00:00\" \/>\n<meta name=\"twitter:card\" content=\"summary_large_image\" \/>\n<meta name=\"twitter:label1\" content=\"Est. reading time\" \/>\n\t<meta name=\"twitter:data1\" content=\"1 minute\" \/>\n<script type=\"application\/ld+json\" class=\"yoast-schema-graph\">{\"@context\":\"https:\/\/schema.org\",\"@graph\":[{\"@type\":\"WebPage\",\"@id\":\"https:\/\/hynd.com.br\/en\/portfolios\/nude-and-body\/\",\"url\":\"https:\/\/hynd.com.br\/en\/portfolios\/nude-and-body\/\",\"name\":\"Bodies in Motion - photo sessions - Jorge Hynd Photography\",\"isPartOf\":{\"@id\":\"https:\/\/hynd.com.br\/#website\"},\"datePublished\":\"2021-05-03T22:29:04+00:00\",\"dateModified\":\"2025-01-30T23:58:55+00:00\",\"breadcrumb\":{\"@id\":\"https:\/\/hynd.com.br\/en\/portfolios\/nude-and-body\/#breadcrumb\"},\"inLanguage\":\"en-US\",\"potentialAction\":[{\"@type\":\"ReadAction\",\"target\":[\"https:\/\/hynd.com.br\/en\/portfolios\/nude-and-body\/\"]}]},{\"@type\":\"BreadcrumbList\",\"@id\":\"https:\/\/hynd.com.br\/en\/portfolios\/nude-and-body\/#breadcrumb\",\"itemListElement\":[{\"@type\":\"ListItem\",\"position\":1,\"name\":\"In\u00edcio\",\"item\":\"https:\/\/hynd.com.br\/en\/\"},{\"@type\":\"ListItem\",\"position\":2,\"name\":\"Portfolio\",\"item\":\"https:\/\/hynd.com.br\/en\/portfolios\/\"},{\"@type\":\"ListItem\",\"position\":3,\"name\":\"Bodies in Motion &#8211; photo sessions\"}]},{\"@type\":\"WebSite\",\"@id\":\"https:\/\/hynd.com.br\/#website\",\"url\":\"https:\/\/hynd.com.br\/\",\"name\":\"Jorge Hynd Photography\",\"description\":\"\",\"potentialAction\":[{\"@type\":\"SearchAction\",\"target\":{\"@type\":\"EntryPoint\",\"urlTemplate\":\"https:\/\/hynd.com.br\/?s={search_term_string}\"},\"query-input\":{\"@type\":\"PropertyValueSpecification\",\"valueRequired\":true,\"valueName\":\"search_term_string\"}}],\"inLanguage\":\"en-US\"}]}<\/script>\n<!-- \/ Yoast SEO plugin. -->","yoast_head_json":{"title":"Bodies in Motion - photo sessions - Jorge Hynd Photography","robots":{"index":"index","follow":"follow","max-snippet":"max-snippet:-1","max-image-preview":"max-image-preview:large","max-video-preview":"max-video-preview:-1"},"canonical":"https:\/\/hynd.com.br\/en\/portfolios\/nude-and-body\/","og_locale":"en_US","og_type":"article","og_title":"Bodies in Motion - photo sessions - Jorge Hynd Photography","og_description":"Conte\u00fado \u00e9 restrito. Por favor fa\u00e7a o login. Clique Aqui! Para se inscrever basta usar o formul\u00e1rio abaixo, \u00e9 gratuito e rapidinho. ---- This content is restricted. Please log in. Click Here! To sign up please use the form below.","og_url":"https:\/\/hynd.com.br\/en\/portfolios\/nude-and-body\/","og_site_name":"Jorge Hynd Photography","article_modified_time":"2025-01-30T23:58:55+00:00","twitter_card":"summary_large_image","twitter_misc":{"Est. reading time":"1 minute"},"schema":{"@context":"https:\/\/schema.org","@graph":[{"@type":"WebPage","@id":"https:\/\/hynd.com.br\/en\/portfolios\/nude-and-body\/","url":"https:\/\/hynd.com.br\/en\/portfolios\/nude-and-body\/","name":"Bodies in Motion - photo sessions - Jorge Hynd Photography","isPartOf":{"@id":"https:\/\/hynd.com.br\/#website"},"datePublished":"2021-05-03T22:29:04+00:00","dateModified":"2025-01-30T23:58:55+00:00","breadcrumb":{"@id":"https:\/\/hynd.com.br\/en\/portfolios\/nude-and-body\/#breadcrumb"},"inLanguage":"en-US","potentialAction":[{"@type":"ReadAction","target":["https:\/\/hynd.com.br\/en\/portfolios\/nude-and-body\/"]}]},{"@type":"BreadcrumbList","@id":"https:\/\/hynd.com.br\/en\/portfolios\/nude-and-body\/#breadcrumb","itemListElement":[{"@type":"ListItem","position":1,"name":"In\u00edcio","item":"https:\/\/hynd.com.br\/en\/"},{"@type":"ListItem","position":2,"name":"Portfolio","item":"https:\/\/hynd.com.br\/en\/portfolios\/"},{"@type":"ListItem","position":3,"name":"Bodies in Motion &#8211; photo sessions"}]},{"@type":"WebSite","@id":"https:\/\/hynd.com.br\/#website","url":"https:\/\/hynd.com.br\/","name":"Jorge Hynd Photography","description":"","potentialAction":[{"@type":"SearchAction","target":{"@type":"EntryPoint","urlTemplate":"https:\/\/hynd.com.br\/?s={search_term_string}"},"query-input":{"@type":"PropertyValueSpecification","valueRequired":true,"valueName":"search_term_string"}}],"inLanguage":"en-US"}]}},"_links":{"self":[{"href":"https:\/\/hynd.com.br\/en\/wp-json\/wp\/v2\/pages\/527","targetHints":{"allow":["GET"]}}],"collection":[{"href":"https:\/\/hynd.com.br\/en\/wp-json\/wp\/v2\/pages"}],"about":[{"href":"https:\/\/hynd.com.br\/en\/wp-json\/wp\/v2\/types\/page"}],"author":[{"embeddable":true,"href":"https:\/\/hynd.com.br\/en\/wp-json\/wp\/v2\/users\/1"}],"replies":[{"embeddable":true,"href":"https:\/\/hynd.com.br\/en\/wp-json\/wp\/v2\/comments?post=527"}],"version-history":[{"count":6,"href":"https:\/\/hynd.com.br\/en\/wp-json\/wp\/v2\/pages\/527\/revisions"}],"predecessor-version":[{"id":2467,"href":"https:\/\/hynd.com.br\/en\/wp-json\/wp\/v2\/pages\/527\/revisions\/2467"}],"up":[{"embeddable":true,"href":"https:\/\/hynd.com.br\/en\/wp-json\/wp\/v2\/pages\/207"}],"wp:attachment":[{"href":"https:\/\/hynd.com.br\/en\/wp-json\/wp\/v2\/media?parent=527"}],"curies":[{"name":"wp","href":"https:\/\/api.w.org\/{rel}","templated":true}]}}